{"id":171,"date":"2025-02-24T21:51:02","date_gmt":"2025-02-25T00:51:02","guid":{"rendered":"https:\/\/rodrigosakata.com\/?page_id=171"},"modified":"2025-09-02T21:28:48","modified_gmt":"2025-09-03T00:28:48","slug":"about","status":"publish","type":"page","link":"https:\/\/rodrigosakata.com\/en\/about\/","title":{"rendered":"Sobre"},"content":{"rendered":"<div class=\"wp-block-columns has-base-background-color has-background is-layout-flex wp-container-core-columns-is-layout-c70126d7 wp-block-columns-is-layout-flex\" style=\"padding-top:0;padding-right:var(--wp--preset--spacing--50);padding-bottom:var(--wp--preset--spacing--50);padding-left:var(--wp--preset--spacing--50)\">\n<div class=\"wp-block-column is-layout-flow wp-block-column-is-layout-flow\" style=\"flex-basis:40%\">\n<figure class=\"wp-block-image size-full\"><img loading=\"lazy\" decoding=\"async\" width=\"540\" height=\"810\" src=\"https:\/\/rodrigosakata.com\/wp-content\/uploads\/2025\/02\/Sakata-Photo.jpg\" alt=\"\" class=\"wp-image-175\" srcset=\"https:\/\/rodrigosakata.com\/wp-content\/uploads\/2025\/02\/Sakata-Photo.jpg 540w, https:\/\/rodrigosakata.com\/wp-content\/uploads\/2025\/02\/Sakata-Photo-200x300.jpg 200w, https:\/\/rodrigosakata.com\/wp-content\/uploads\/2025\/02\/Sakata-Photo-8x12.jpg 8w\" sizes=\"auto, (max-width: 540px) 100vw, 540px\" \/><\/figure>\n<\/div>\n\n\n\n<div class=\"wp-block-column is-layout-flow wp-block-column-is-layout-flow\" style=\"flex-basis:60%\">\n<p>Oi! Sou Rodrigo Sakata, pode me chamar s\u00f3 de Sakata. Moro em Curitiba, Paran\u00e1, tenho 39 anos e atuo como Designer &amp; Diretor de Arte h\u00e1 quase duas d\u00e9cadas.<\/p>\n\n\n\n<p>No come\u00e7o da minha carreira, ainda menor de idade, fui Desenvolvedor Front-End, algo que gosto muito e continuo estudando at\u00e9 hoje para atender alguns freelas. Como sempre foquei no visual e nos detalhes, acabei indo para a \u00e1rea de Design. Mas quis a vida que eu desse uma pausa.<\/p>\n\n\n\n<p>Depois de passar 4 anos como imigrante no Jap\u00e3o retornei para o Brasil, para a cidade em que cresci, Cascavel-PR, e comecei a cursar Publicidade. Ainda na faculdade comecei a trabalhar em ag\u00eancias locais.<\/p>\n\n\n\n<p>Em 2014, ajudei a fundar a ag\u00eancia Fosbury, onde fiquei como S\u00f3cio &amp; Diretor de Cria\u00e7\u00e3o at\u00e9 2023. <a href=\"https:\/\/www.bestadsontv.com\/profile\/130084\/Rodrigo-Sakata\" target=\"_blank\" rel=\"noreferrer noopener\">Clicando aqui<\/a>, pode ver alguns trabalhos dessa minha \u00e9poca.<\/p>\n\n\n\n<p>Depois de um tempo como Designer Freelancer, em 2025, comecei a trabalhar como Diretor de Arte na Candy Shop em Curitiba.<\/p>\n\n\n\n<p>Minhas habilidades s\u00e3o: Dire\u00e7\u00e3o de Arte, Branding, Design Gr\u00e1fico e Motion Design.<\/p>\n\n\n\n<h2 class=\"wp-block-heading\" style=\"margin-top:var(--wp--preset--spacing--50)\">Experi\u00eancia<\/h2>\n\n\n\n<div class=\"wp-block-group is-layout-flow wp-block-group-is-layout-flow\">\n<p><strong>Diretor de Arte<\/strong><\/p>\n\n\n\n<p style=\"margin-top:0;margin-bottom:0\">Candy Shop<\/p>\n\n\n\n<p class=\"has-small-font-size\" style=\"margin-top:0;margin-bottom:0\">mai de 2025 &#8211; o momento<\/p>\n<\/div>\n\n\n\n<div class=\"wp-block-group is-layout-flow wp-block-group-is-layout-flow\">\n<p><strong>Designer<\/strong><\/p>\n\n\n\n<p style=\"margin-top:0;margin-bottom:0\">Freelancer<\/p>\n\n\n\n<p class=\"has-small-font-size\" style=\"margin-top:0;margin-bottom:0\">abr de 2023 &#8211; o momento<\/p>\n<\/div>\n\n\n\n<div class=\"wp-block-group is-layout-flow wp-block-group-is-layout-flow\">\n<p><strong>S\u00f3cio &amp; Diretor de Cria\u00e7\u00e3o<\/strong><\/p>\n\n\n\n<p style=\"margin-top:0;margin-bottom:0\">Fosbury<\/p>\n\n\n\n<p class=\"has-small-font-size\" style=\"margin-top:0;margin-bottom:0\">abr de 2014 &#8211; mar de 2023<\/p>\n<\/div>\n\n\n\n<div class=\"wp-block-group is-layout-flow wp-block-group-is-layout-flow\">\n<p><strong>Diretor de Arte<\/strong><\/p>\n\n\n\n<p style=\"margin-top:0;margin-bottom:0\">Ag\u00eancia Roda Gigante<\/p>\n\n\n\n<p class=\"has-small-font-size\" style=\"margin-top:0;margin-bottom:0\">out de 2012 &#8211; dez de 2013<\/p>\n<\/div>\n\n\n\n<div class=\"wp-block-group is-layout-flow wp-block-group-is-layout-flow\">\n<p><strong>Diretor de Arte<\/strong><\/p>\n\n\n\n<p style=\"margin-top:0;margin-bottom:0\">Ag\u00eancia NTV<\/p>\n\n\n\n<p class=\"has-small-font-size\" style=\"margin-top:0;margin-bottom:0\">mar de 2011 &#8211; out de 2012<\/p>\n<\/div>\n\n\n\n<h2 class=\"wp-block-heading\" style=\"margin-top:var(--wp--preset--spacing--50)\">Forma\u00e7\u00e3o<\/h2>\n\n\n\n<div class=\"wp-block-group is-layout-flow wp-block-group-is-layout-flow\">\n<p><strong>Comunica\u00e7\u00e3o Social: Publicidade e Propaganda<\/strong><\/p>\n\n\n\n<p style=\"margin-top:0;margin-bottom:0\">Centro Universit\u00e1rio Funda\u00e7\u00e3o Assis Gurgacz<\/p>\n\n\n\n<p class=\"has-small-font-size\" style=\"margin-top:0;margin-bottom:0\">2010 &#8211; 2013<\/p>\n<\/div>\n\n\n\n<h2 class=\"wp-block-heading\" style=\"margin-top:var(--wp--preset--spacing--50)\">Contato<\/h2>\n\n\n\n<p>saka@rodrigosakata.com<\/p>\n\n\n\n<p style=\"margin-top:0;margin-bottom:0\"><a href=\"https:\/\/www.instagram.com\/sakatarodrigo\/\" target=\"_blank\" rel=\"noreferrer noopener\">Instagram<\/a><\/p>\n\n\n\n<p style=\"margin-top:0;margin-bottom:0\"><a href=\"https:\/\/www.linkedin.com\/in\/rodrigosakata\/\" target=\"_blank\" rel=\"noreferrer noopener\">LinkedIn<\/a><\/p>\n<\/div>\n<\/div>\n\n\n\n<div class=\"wp-block-columns has-base-background-color has-background is-layout-flex wp-container-core-columns-is-layout-d029ebbd wp-block-columns-is-layout-flex\" style=\"padding-top:var(--wp--preset--spacing--50);padding-right:var(--wp--preset--spacing--50);padding-bottom:var(--wp--preset--spacing--80);padding-left:var(--wp--preset--spacing--50)\">\n<div class=\"wp-block-column is-layout-flow wp-block-column-is-layout-flow\" style=\"flex-basis:40%\">\n<iframe loading=\"lazy\" width=\"100%\" height=\"450\" scrolling=\"no\" frameborder=\"no\" allow=\"autoplay\" src=\"https:\/\/w.soundcloud.com\/player\/?url=https%3A\/\/api.soundcloud.com\/playlists\/1974876732%3Fsecret_token%3Ds-8u9PbX5mdSx&#038;color=%23ff5500&#038;auto_play=false&#038;hide_related=false&#038;show_comments=false&#038;show_user=true&#038;show_reposts=false&#038;show_teaser=true\"><\/iframe><div style=\"font-size: 10px; color: #cccccc;line-break: anywhere;word-break: normal;overflow: hidden;white-space: nowrap;text-overflow: ellipsis; font-family: Interstate,Lucida Grande,Lucida Sans Unicode,Lucida Sans,Garuda,Verdana,Tahoma,sans-serif;font-weight: 100;\"><a href=\"https:\/\/soundcloud.com\/rodrigosakata\" title=\"Saka\" target=\"_blank\" style=\"color: #cccccc; text-decoration: none;\">Saka<\/a> \u00b7 <a href=\"https:\/\/soundcloud.com\/rodrigosakata\/sets\/promos\" title=\"Promos\" target=\"_blank\" style=\"color: #cccccc; text-decoration: none;\">Promos<\/a><\/div>\n<\/div>\n\n\n\n<div class=\"wp-block-column is-layout-flow wp-block-column-is-layout-flow\" style=\"flex-basis:60%\">\n<figure class=\"wp-block-image size-full is-resized\" style=\"margin-bottom:var(--wp--preset--spacing--50)\"><img decoding=\"async\" src=\"https:\/\/rodrigosakata.com\/wp-content\/uploads\/2025\/02\/Saka-Logo.svg\" alt=\"\" class=\"wp-image-213\" style=\"width:180px\"\/><\/figure>\n\n\n\n<p>Recentemente comecei um novo hobby. No meu tempo livre, produzo m\u00fasica eletr\u00f4nica nas vertentes Minimal Deep Tech, Deep House, Electro House e Tech House.<\/p>\n<\/div>\n<\/div>","protected":false},"excerpt":{"rendered":"<p>Oi! Sou Rodrigo Sakata, pode me chamar s\u00f3 de Sakata. Moro em Curitiba, Paran\u00e1, tenho 39 anos e atuo como Designer &amp; Diretor de Arte h\u00e1 quase duas d\u00e9cadas. No come\u00e7o da minha carreira, ainda menor de idade, fui Desenvolvedor Front-End, algo que gosto muito e continuo estudando at\u00e9 hoje para atender alguns freelas. Como [&hellip;]<\/p>","protected":false},"author":1,"featured_media":0,"parent":0,"menu_order":0,"comment_status":"closed","ping_status":"closed","template":"","meta":{"_acf_changed":false,"footnotes":""},"class_list":["post-171","page","type-page","status-publish","hentry"],"acf":[],"_links":{"self":[{"href":"https:\/\/rodrigosakata.com\/en\/wp-json\/wp\/v2\/pages\/171","targetHints":{"allow":["GET"]}}],"collection":[{"href":"https:\/\/rodrigosakata.com\/en\/wp-json\/wp\/v2\/pages"}],"about":[{"href":"https:\/\/rodrigosakata.com\/en\/wp-json\/wp\/v2\/types\/page"}],"author":[{"embeddable":true,"href":"https:\/\/rodrigosakata.com\/en\/wp-json\/wp\/v2\/users\/1"}],"replies":[{"embeddable":true,"href":"https:\/\/rodrigosakata.com\/en\/wp-json\/wp\/v2\/comments?post=171"}],"version-history":[{"count":51,"href":"https:\/\/rodrigosakata.com\/en\/wp-json\/wp\/v2\/pages\/171\/revisions"}],"predecessor-version":[{"id":247,"href":"https:\/\/rodrigosakata.com\/en\/wp-json\/wp\/v2\/pages\/171\/revisions\/247"}],"wp:attachment":[{"href":"https:\/\/rodrigosakata.com\/en\/wp-json\/wp\/v2\/media?parent=171"}],"curies":[{"name":"wp","href":"https:\/\/api.w.org\/{rel}","templated":true}]}}